{"id":8,"date":"2025-10-22T12:39:00","date_gmt":"2025-10-22T12:39:00","guid":{"rendered":"https:\/\/optin-it.com\/?page_id=8"},"modified":"2025-12-08T19:53:52","modified_gmt":"2025-12-08T19:53:52","slug":"services","status":"publish","type":"page","link":"https:\/\/optin-it.com\/nl\/services\/","title":{"rendered":""},"content":{"rendered":"<div data-elementor-type=\"wp-page\" data-elementor-id=\"8\" class=\"elementor elementor-8\">\n\t\t\t\t<div class=\"elementor-element elementor-element-0fb4dd5 e-grid e-con-boxed e-con e-parent\" data-id=\"0fb4dd5\" data-element_type=\"container\" data-e-type=\"container\">\n\t\t\t\t\t<div class=\"e-con-inner\">\n\t\t<a class=\"elementor-element elementor-element-95b8c84 e-con-full e-flex e-con e-child\" data-id=\"95b8c84\" data-element_type=\"container\" data-e-type=\"container\" data-settings=\"{&quot;background_background&quot;:&quot;classic&quot;}\" href=\"https:\/\/optin-it.com\/nl\/erp-strategy\/\">\n\t\t\t\t<div class=\"elementor-element elementor-element-481903f elementor-widget elementor-widget-image\" data-id=\"481903f\" data-element_type=\"widget\" data-e-type=\"widget\" data-widget_type=\"image.default\">\n\t\t\t\t\t\t\t\t\t\t\t\t\t\t\t<img fetchpriority=\"high\" decoding=\"async\" width=\"302\" height=\"246\" src=\"https:\/\/optin-it.com\/wp-content\/uploads\/2025\/10\/ERP-Strategy-1-removebg-preview-1.webp\" class=\"attachment-large size-large wp-image-577\" alt=\"\" \/>\t\t\t\t\t\t\t\t\t\t\t\t\t\t\t<\/div>\n\t\t\t\t<div class=\"elementor-element elementor-element-ce9291f elementor-widget elementor-widget-heading\" data-id=\"ce9291f\" data-element_type=\"widget\" data-e-type=\"widget\" data-widget_type=\"heading.default\">\n\t\t\t\t\t<h2 class=\"elementor-heading-title elementor-size-default\">ERP-strategie<br><\/h2>\t\t\t\t<\/div>\n\t\t\t\t<div class=\"elementor-element elementor-element-74406eb elementor-widget elementor-widget-text-editor\" data-id=\"74406eb\" data-element_type=\"widget\" data-e-type=\"widget\" data-widget_type=\"text-editor.default\">\n\t\t\t\t\t\t\t\t\t<p>Een effectieve ERP-strategie is geen technische beslissing - het is een strategische hefboom voor duurzame groei en operationele effectiviteit. Meer zien<\/p>\t\t\t\t\t\t\t\t<\/div>\n\t\t\t\t<\/a>\n\t\t<a class=\"elementor-element elementor-element-315e6e0 e-con-full e-flex e-con e-child\" data-id=\"315e6e0\" data-element_type=\"container\" data-e-type=\"container\" data-settings=\"{&quot;background_background&quot;:&quot;classic&quot;}\" href=\"https:\/\/optin-it.com\/nl\/it-landscape-optimalisation\/\">\n\t\t\t\t<div class=\"elementor-element elementor-element-cc46151 elementor-widget elementor-widget-image\" data-id=\"cc46151\" data-element_type=\"widget\" data-e-type=\"widget\" data-widget_type=\"image.default\">\n\t\t\t\t\t\t\t\t\t\t\t\t\t\t\t<img decoding=\"async\" width=\"302\" height=\"246\" src=\"https:\/\/optin-it.com\/wp-content\/uploads\/2025\/10\/Landscape-removebg-preview-1.webp\" class=\"attachment-large size-large wp-image-578\" alt=\"\" \/>\t\t\t\t\t\t\t\t\t\t\t\t\t\t\t<\/div>\n\t\t\t\t<div class=\"elementor-element elementor-element-a5a4e0b elementor-widget elementor-widget-heading\" data-id=\"a5a4e0b\" data-element_type=\"widget\" data-e-type=\"widget\" data-widget_type=\"heading.default\">\n\t\t\t\t\t<h2 class=\"elementor-heading-title elementor-size-default\">Optimalisatie IT-landschap<\/h2>\t\t\t\t<\/div>\n\t\t\t\t<div class=\"elementor-element elementor-element-847cc7d elementor-widget elementor-widget-text-editor\" data-id=\"847cc7d\" data-element_type=\"widget\" data-e-type=\"widget\" data-widget_type=\"text-editor.default\">\n\t\t\t\t\t\t\t\t\t<p>Een goed geoptimaliseerd IT-landschap vormt de basis voor flexibiliteit, veerkracht en groei. Meer zien<\/p>\t\t\t\t\t\t\t\t<\/div>\n\t\t\t\t<\/a>\n\t\t<a class=\"elementor-element elementor-element-f14f275 e-con-full e-flex e-con e-child\" data-id=\"f14f275\" data-element_type=\"container\" data-e-type=\"container\" data-settings=\"{&quot;background_background&quot;:&quot;classic&quot;}\" href=\"https:\/\/optin-it.com\/nl\/package-supplier-selection\/\">\n\t\t\t\t<div class=\"elementor-element elementor-element-2538a8f elementor-widget elementor-widget-image\" data-id=\"2538a8f\" data-element_type=\"widget\" data-e-type=\"widget\" data-widget_type=\"image.default\">\n\t\t\t\t\t\t\t\t\t\t\t\t\t\t\t<img decoding=\"async\" width=\"302\" height=\"246\" src=\"https:\/\/optin-it.com\/wp-content\/uploads\/2025\/11\/Package_selection_-_kopie-removebg-preview.png\" class=\"attachment-large size-large wp-image-822\" alt=\"\" srcset=\"https:\/\/optin-it.com\/wp-content\/uploads\/2025\/11\/Package_selection_-_kopie-removebg-preview.png 302w, https:\/\/optin-it.com\/wp-content\/uploads\/2025\/11\/Package_selection_-_kopie-removebg-preview-300x244.png 300w\" sizes=\"(max-width: 302px) 100vw, 302px\" \/>\t\t\t\t\t\t\t\t\t\t\t\t\t\t\t<\/div>\n\t\t\t\t<div class=\"elementor-element elementor-element-66d8135 elementor-widget elementor-widget-heading\" data-id=\"66d8135\" data-element_type=\"widget\" data-e-type=\"widget\" data-widget_type=\"heading.default\">\n\t\t\t\t\t<h2 class=\"elementor-heading-title elementor-size-default\">Pakket- en leveranciersselectie<\/h2>\t\t\t\t<\/div>\n\t\t\t\t<div class=\"elementor-element elementor-element-df96110 elementor-widget elementor-widget-text-editor\" data-id=\"df96110\" data-element_type=\"widget\" data-e-type=\"widget\" data-widget_type=\"text-editor.default\">\n\t\t\t\t\t\t\t\t\t<p>Het kiezen van het juiste IT-pakket en de juiste leverancier is een belangrijke beslissing, die bepalend kan zijn voor de wendbaarheid, schaalbaarheid en het succes van uw organisatie op de lange termijn. Meer zien<\/p>\t\t\t\t\t\t\t\t<\/div>\n\t\t\t\t<\/a>\n\t\t<a class=\"elementor-element elementor-element-9396543 e-con-full e-flex e-con e-child\" data-id=\"9396543\" data-element_type=\"container\" data-e-type=\"container\" data-settings=\"{&quot;background_background&quot;:&quot;classic&quot;}\" href=\"https:\/\/optin-it.com\/nl\/complex-program-management\/\">\n\t\t\t\t<div class=\"elementor-element elementor-element-d540abc elementor-widget elementor-widget-image\" data-id=\"d540abc\" data-element_type=\"widget\" data-e-type=\"widget\" data-widget_type=\"image.default\">\n\t\t\t\t\t\t\t\t\t\t\t\t\t\t\t<img loading=\"lazy\" decoding=\"async\" width=\"302\" height=\"246\" src=\"https:\/\/optin-it.com\/wp-content\/uploads\/2025\/10\/Program_mngt-removebg-preview.webp\" class=\"attachment-large size-large wp-image-572\" alt=\"\" srcset=\"https:\/\/optin-it.com\/wp-content\/uploads\/2025\/10\/Program_mngt-removebg-preview.webp 302w, https:\/\/optin-it.com\/wp-content\/uploads\/2025\/10\/Program_mngt-removebg-preview-300x244.webp 300w\" sizes=\"(max-width: 302px) 100vw, 302px\" \/>\t\t\t\t\t\t\t\t\t\t\t\t\t\t\t<\/div>\n\t\t\t\t<div class=\"elementor-element elementor-element-474a380 elementor-widget elementor-widget-heading\" data-id=\"474a380\" data-element_type=\"widget\" data-e-type=\"widget\" data-widget_type=\"heading.default\">\n\t\t\t\t\t<h2 class=\"elementor-heading-title elementor-size-default\">Complex IT Programma Management:<\/h2>\t\t\t\t<\/div>\n\t\t\t\t<div class=\"elementor-element elementor-element-e64d0ee elementor-widget elementor-widget-text-editor\" data-id=\"e64d0ee\" data-element_type=\"widget\" data-e-type=\"widget\" data-widget_type=\"text-editor.default\">\n\t\t\t\t\t\t\t\t\t<p>Het beheren van complexe IT-programma's vereist meer dan alleen co\u00f6rdinatie - het vereist visie, structuur en het vermogen om op \u00e9\u00e9n lijn te zitten. Meer zien<\/p>\t\t\t\t\t\t\t\t<\/div>\n\t\t\t\t<\/a>\n\t\t<a class=\"elementor-element elementor-element-2c2beb2 e-con-full e-flex e-con e-child\" data-id=\"2c2beb2\" data-element_type=\"container\" data-e-type=\"container\" data-settings=\"{&quot;background_background&quot;:&quot;classic&quot;}\" href=\"https:\/\/optin-it.com\/nl\/project-review-qa\/\">\n\t\t\t\t<div class=\"elementor-element elementor-element-5466f60 elementor-widget elementor-widget-image\" data-id=\"5466f60\" data-element_type=\"widget\" data-e-type=\"widget\" data-widget_type=\"image.default\">\n\t\t\t\t\t\t\t\t\t\t\t\t\t\t\t<img loading=\"lazy\" decoding=\"async\" width=\"302\" height=\"246\" src=\"https:\/\/optin-it.com\/wp-content\/uploads\/2025\/10\/Project_Review-removebg-preview-2.webp\" class=\"attachment-large size-large wp-image-573\" alt=\"\" srcset=\"https:\/\/optin-it.com\/wp-content\/uploads\/2025\/10\/Project_Review-removebg-preview-2.webp 302w, https:\/\/optin-it.com\/wp-content\/uploads\/2025\/10\/Project_Review-removebg-preview-2-300x244.webp 300w\" sizes=\"(max-width: 302px) 100vw, 302px\" \/>\t\t\t\t\t\t\t\t\t\t\t\t\t\t\t<\/div>\n\t\t\t\t<div class=\"elementor-element elementor-element-4c4a7c6 elementor-widget elementor-widget-heading\" data-id=\"4c4a7c6\" data-element_type=\"widget\" data-e-type=\"widget\" data-widget_type=\"heading.default\">\n\t\t\t\t\t<h2 class=\"elementor-heading-title elementor-size-default\">Projectbeoordeling \/ QA<br><\/h2>\t\t\t\t<\/div>\n\t\t\t\t<div class=\"elementor-element elementor-element-388d964 elementor-widget elementor-widget-text-editor\" data-id=\"388d964\" data-element_type=\"widget\" data-e-type=\"widget\" data-widget_type=\"text-editor.default\">\n\t\t\t\t\t\t\t\t\t<p>Zelfs de best geplande IT-projecten kunnen uit de koers raken - door verschuivende prioriteiten, onduidelijke eisen of verborgen risico's.      Meer zien<\/p>\t\t\t\t\t\t\t\t<\/div>\n\t\t\t\t<\/a>\n\t\t<a class=\"elementor-element elementor-element-3aad7fa e-con-full e-flex e-con e-child\" data-id=\"3aad7fa\" data-element_type=\"container\" data-e-type=\"container\" data-settings=\"{&quot;background_background&quot;:&quot;classic&quot;}\" href=\"https:\/\/optin-it.com\/nl\/it-operating-model\/\">\n\t\t\t\t<div class=\"elementor-element elementor-element-6ad4328 elementor-widget elementor-widget-image\" data-id=\"6ad4328\" data-element_type=\"widget\" data-e-type=\"widget\" data-widget_type=\"image.default\">\n\t\t\t\t\t\t\t\t\t\t\t\t\t\t\t<img loading=\"lazy\" decoding=\"async\" width=\"302\" height=\"246\" src=\"https:\/\/optin-it.com\/wp-content\/uploads\/2025\/10\/IT_TOM-removebg-preview.webp\" class=\"attachment-large size-large wp-image-569\" alt=\"\" \/>\t\t\t\t\t\t\t\t\t\t\t\t\t\t\t<\/div>\n\t\t\t\t<div class=\"elementor-element elementor-element-9ac11d9 elementor-widget elementor-widget-heading\" data-id=\"9ac11d9\" data-element_type=\"widget\" data-e-type=\"widget\" data-widget_type=\"heading.default\">\n\t\t\t\t\t<h2 class=\"elementor-heading-title elementor-size-default\">IT Bedrijfsmodel<br><\/h2>\t\t\t\t<\/div>\n\t\t\t\t<div class=\"elementor-element elementor-element-8479d8e elementor-widget elementor-widget-text-editor\" data-id=\"8479d8e\" data-element_type=\"widget\" data-e-type=\"widget\" data-widget_type=\"text-editor.default\">\n\t\t\t\t\t\t\t\t\t<p>Een effectief IT Operating Model is meer dan een organigram - het is de blauwdruk voor hoe IT waarde levert, innovatie aanstuurt en de bedrijfsstrategie ondersteunt.  Meer zien<\/p>\t\t\t\t\t\t\t\t<\/div>\n\t\t\t\t<\/a>\n\t\t<a class=\"elementor-element elementor-element-d08069f e-con-full e-flex e-con e-child\" data-id=\"d08069f\" data-element_type=\"container\" data-e-type=\"container\" data-settings=\"{&quot;background_background&quot;:&quot;classic&quot;}\" href=\"https:\/\/optin-it.com\/nl\/transformation-support\/\">\n\t\t\t\t<div class=\"elementor-element elementor-element-8dfb62b elementor-widget elementor-widget-image\" data-id=\"8dfb62b\" data-element_type=\"widget\" data-e-type=\"widget\" data-widget_type=\"image.default\">\n\t\t\t\t\t\t\t\t\t\t\t\t\t\t\t<img loading=\"lazy\" decoding=\"async\" width=\"302\" height=\"246\" src=\"https:\/\/optin-it.com\/wp-content\/uploads\/2025\/10\/Transformation_support-removebg-preview.webp\" class=\"attachment-large size-large wp-image-575\" alt=\"\" srcset=\"https:\/\/optin-it.com\/wp-content\/uploads\/2025\/10\/Transformation_support-removebg-preview.webp 302w, https:\/\/optin-it.com\/wp-content\/uploads\/2025\/10\/Transformation_support-removebg-preview-300x244.webp 300w\" sizes=\"(max-width: 302px) 100vw, 302px\" \/>\t\t\t\t\t\t\t\t\t\t\t\t\t\t\t<\/div>\n\t\t\t\t<div class=\"elementor-element elementor-element-8609c3b elementor-widget elementor-widget-heading\" data-id=\"8609c3b\" data-element_type=\"widget\" data-e-type=\"widget\" data-widget_type=\"heading.default\">\n\t\t\t\t\t<h2 class=\"elementor-heading-title elementor-size-default\">IT-transformatieondersteuning<br><\/h2>\t\t\t\t<\/div>\n\t\t\t\t<div class=\"elementor-element elementor-element-4fb1308 elementor-widget elementor-widget-text-editor\" data-id=\"4fb1308\" data-element_type=\"widget\" data-e-type=\"widget\" data-widget_type=\"text-editor.default\">\n\t\t\t\t\t\t\t\t\t<p>Succesvolle IT-transformatie gaat nooit alleen over technologie - het gaat over mensen, structuur en het vermogen om helder vooruit te komen. Meer zien<\/p>\t\t\t\t\t\t\t\t<\/div>\n\t\t\t\t<\/a>\n\t\t<a class=\"elementor-element elementor-element-597d3a1 e-con-full e-flex e-con e-child\" data-id=\"597d3a1\" data-element_type=\"container\" data-e-type=\"container\" data-settings=\"{&quot;background_background&quot;:&quot;classic&quot;}\" href=\"https:\/\/optin-it.com\/nl\/interim-cio-cto\/\">\n\t\t\t\t<div class=\"elementor-element elementor-element-0b7dff8 elementor-widget elementor-widget-image\" data-id=\"0b7dff8\" data-element_type=\"widget\" data-e-type=\"widget\" data-widget_type=\"image.default\">\n\t\t\t\t\t\t\t\t\t\t\t\t\t\t\t<img loading=\"lazy\" decoding=\"async\" width=\"302\" height=\"246\" src=\"https:\/\/optin-it.com\/wp-content\/uploads\/2025\/10\/Interim_CIO-CTO-removebg-preview.webp\" class=\"attachment-large size-large wp-image-568\" alt=\"\" \/>\t\t\t\t\t\t\t\t\t\t\t\t\t\t\t<\/div>\n\t\t\t\t<div class=\"elementor-element elementor-element-83b697a elementor-widget elementor-widget-heading\" data-id=\"83b697a\" data-element_type=\"widget\" data-e-type=\"widget\" data-widget_type=\"heading.default\">\n\t\t\t\t\t<h2 class=\"elementor-heading-title elementor-size-default\">Interim CIO\/CTO<\/h2>\t\t\t\t<\/div>\n\t\t\t\t<div class=\"elementor-element elementor-element-6d9827c elementor-widget elementor-widget-text-editor\" data-id=\"6d9827c\" data-element_type=\"widget\" data-e-type=\"widget\" data-widget_type=\"text-editor.default\">\n\t\t\t\t\t\t\t\t\t<p>Als interim CIO of CTO spring ik bij wanneer duidelijkheid, daadkracht en transformatie het hardst nodig zijn. Meer zien<\/p>\t\t\t\t\t\t\t\t<\/div>\n\t\t\t\t<\/a>\n\t\t<a class=\"elementor-element elementor-element-afa2ca7 e-con-full e-flex e-con e-child\" data-id=\"afa2ca7\" data-element_type=\"container\" data-e-type=\"container\" data-settings=\"{&quot;background_background&quot;:&quot;classic&quot;}\" href=\"https:\/\/optin-it.com\/nl\/trusted-advisor-c-level-steerco\/\">\n\t\t\t\t<div class=\"elementor-element elementor-element-94141f9 elementor-widget elementor-widget-image\" data-id=\"94141f9\" data-element_type=\"widget\" data-e-type=\"widget\" data-widget_type=\"image.default\">\n\t\t\t\t\t\t\t\t\t\t\t\t\t\t\t<img loading=\"lazy\" decoding=\"async\" width=\"302\" height=\"246\" src=\"https:\/\/optin-it.com\/wp-content\/uploads\/2025\/10\/Trusted_advisor-removebg-preview.webp\" class=\"attachment-large size-large wp-image-576\" alt=\"\" srcset=\"https:\/\/optin-it.com\/wp-content\/uploads\/2025\/10\/Trusted_advisor-removebg-preview.webp 302w, https:\/\/optin-it.com\/wp-content\/uploads\/2025\/10\/Trusted_advisor-removebg-preview-300x244.webp 300w\" sizes=\"(max-width: 302px) 100vw, 302px\" \/>\t\t\t\t\t\t\t\t\t\t\t\t\t\t\t<\/div>\n\t\t\t\t<div class=\"elementor-element elementor-element-0934286 elementor-widget elementor-widget-heading\" data-id=\"0934286\" data-element_type=\"widget\" data-e-type=\"widget\" data-widget_type=\"heading.default\">\n\t\t\t\t\t<h2 class=\"elementor-heading-title elementor-size-default\">Vertrouwde IT-adviseur C-niveau\/Steerco<\/h2>\t\t\t\t<\/div>\n\t\t\t\t<div class=\"elementor-element elementor-element-5dae598 elementor-widget elementor-widget-text-editor\" data-id=\"5dae598\" data-element_type=\"widget\" data-e-type=\"widget\" data-widget_type=\"text-editor.default\">\n\t\t\t\t\t\t\t\t\t<p>Als vertrouwenspersoon voor C-level executives en stuurgroepen breng ik strategische helderheid in complexe IT-beslissingen. Meer zien<\/p>\t\t\t\t\t\t\t\t<\/div>\n\t\t\t\t<\/a>\n\t\t\t\t\t<\/div>\n\t\t\t\t<\/div>\n\t\t\t\t<\/div>","protected":false},"excerpt":{"rendered":"<p>ERP Strategy An effective ERP strategy is not a technical decision \u2014 it\u2019s a strategic lever for sustainable growth and operational excellence. See more IT Landscape Optimalization A well-optimized IT landscape is the foundation for agility, resilience, and growth. See more Package &amp; Supplier selection Choosing the right IT package and supplier is an important decision \u2014 one that can [&hellip;]<\/p>\n","protected":false},"author":1,"featured_media":0,"parent":0,"menu_order":0,"comment_status":"closed","ping_status":"closed","template":"","meta":{"footnotes":""},"class_list":["post-8","page","type-page","status-publish","hentry"],"_links":{"self":[{"href":"https:\/\/optin-it.com\/nl\/wp-json\/wp\/v2\/pages\/8","targetHints":{"allow":["GET"]}}],"collection":[{"href":"https:\/\/optin-it.com\/nl\/wp-json\/wp\/v2\/pages"}],"about":[{"href":"https:\/\/optin-it.com\/nl\/wp-json\/wp\/v2\/types\/page"}],"author":[{"embeddable":true,"href":"https:\/\/optin-it.com\/nl\/wp-json\/wp\/v2\/users\/1"}],"replies":[{"embeddable":true,"href":"https:\/\/optin-it.com\/nl\/wp-json\/wp\/v2\/comments?post=8"}],"version-history":[{"count":99,"href":"https:\/\/optin-it.com\/nl\/wp-json\/wp\/v2\/pages\/8\/revisions"}],"predecessor-version":[{"id":938,"href":"https:\/\/optin-it.com\/nl\/wp-json\/wp\/v2\/pages\/8\/revisions\/938"}],"wp:attachment":[{"href":"https:\/\/optin-it.com\/nl\/wp-json\/wp\/v2\/media?parent=8"}],"curies":[{"name":"wp","href":"https:\/\/api.w.org\/{rel}","templated":true}]}}